{"id":109,"date":"2019-03-10T12:33:28","date_gmt":"2019-03-10T12:33:28","guid":{"rendered":"http:\/\/fundacja.komancza.org.pl\/?page_id=109"},"modified":"2019-03-10T12:33:28","modified_gmt":"2019-03-10T12:33:28","slug":"o-fundacji","status":"publish","type":"page","link":"https:\/\/fundacja.komancza.org.pl\/?page_id=109","title":{"rendered":"O Fundacji"},"content":{"rendered":"\n<p style=\"text-align:left\">Fundacja &#8222;Torem Os\u0142awy&#8221; <\/p>\n\n\n\n<p>38-543 Koma\u0144cza 166<\/p>\n\n\n\n<p style=\"font-size:10px\">Pe\u0142ne dane udost\u0119pnimy po zako\u0144czeniu procesu rejestracji w KRS<\/p>\n","protected":false},"excerpt":{"rendered":"<p>Fundacja &#8222;Torem Os\u0142awy&#8221; 38-543 Koma\u0144cza 166 Pe\u0142ne dane udost\u0119pnimy po zako\u0144czeniu procesu rejestracji w KRS<\/p>\n","protected":false},"author":1,"featured_media":0,"parent":0,"menu_order":0,"comment_status":"closed","ping_status":"closed","template":"","meta":{"jetpack_post_was_ever_published":false,"footnotes":""},"class_list":["post-109","page","type-page","status-publish","hentry"],"jetpack_sharing_enabled":true,"jetpack_shortlink":"https:\/\/wp.me\/PaOlUW-1L","jetpack-related-posts":[],"_links":{"self":[{"href":"https:\/\/fundacja.komancza.org.pl\/index.php?rest_route=\/wp\/v2\/pages\/109","targetHints":{"allow":["GET"]}}],"collection":[{"href":"https:\/\/fundacja.komancza.org.pl\/index.php?rest_route=\/wp\/v2\/pages"}],"about":[{"href":"https:\/\/fundacja.komancza.org.pl\/index.php?rest_route=\/wp\/v2\/types\/page"}],"author":[{"embeddable":true,"href":"https:\/\/fundacja.komancza.org.pl\/index.php?rest_route=\/wp\/v2\/users\/1"}],"replies":[{"embeddable":true,"href":"https:\/\/fundacja.komancza.org.pl\/index.php?rest_route=%2Fwp%2Fv2%2Fcomments&post=109"}],"version-history":[{"count":1,"href":"https:\/\/fundacja.komancza.org.pl\/index.php?rest_route=\/wp\/v2\/pages\/109\/revisions"}],"predecessor-version":[{"id":110,"href":"https:\/\/fundacja.komancza.org.pl\/index.php?rest_route=\/wp\/v2\/pages\/109\/revisions\/110"}],"wp:attachment":[{"href":"https:\/\/fundacja.komancza.org.pl\/index.php?rest_route=%2Fwp%2Fv2%2Fmedia&parent=109"}],"curies":[{"name":"wp","href":"https:\/\/api.w.org\/{rel}","templated":true}]}}