{"id":248,"date":"2019-04-03T20:38:10","date_gmt":"2019-04-03T20:38:10","guid":{"rendered":"http:\/\/fundacja.komancza.org.pl\/?page_id=248"},"modified":"2019-05-05T18:32:42","modified_gmt":"2019-05-05T18:32:42","slug":"projekty","status":"publish","type":"page","link":"https:\/\/fundacja.komancza.org.pl\/?page_id=248","title":{"rendered":"Przed nami"},"content":{"rendered":"\n<p style=\"text-align:left\" class=\"has-drop-cap\">Ma\u0142ymi krokami,  zmierzamy do celu Fundacji. Pozyskujemy wsp\u00f3lnie du\u017ce i ma\u0142e granty. Dzia\u0142amy na rzecz naszej Gminy. Ka\u017cdy z projekt\u00f3w przybli\u017ca nas do spe\u0142nienia naszych plan\u00f3w.<\/p>\n\n\n\n<table class=\"wp-block-table aligncenter has-fixed-layout is-style-stripes\"><tbody><tr><td><strong>Organizacja<\/strong><\/td><td><strong>Tytu\u0142 projektu<\/strong><\/td><td><strong>Dotacja<\/strong>         (z\u0142)                     <br><\/td><td><strong>     \u0179r\u00f3d\u0142o <\/strong><br><\/td><\/tr><tr><td>Stowarzyszenie <br>Wspierania Inicjatyw <br>Lokalnych Koma\u0144czy<\/td><td>Wo\u0142oska Koliba &#8211; folkowe spotkania <br>na pasterskim szlaku.<\/td><td>24 650<\/td><td>Wojew\u00f3dztwo                                                       <br>Podkarpackie<\/td><\/tr><tr><td>Stowarzyszenie<br>Sportowo<br>Rekreacyjne  <br>&#8222;\u017bbik-Koma\u0144cza&#8221;<\/td><td>Modernizacja istniej\u0105cej sieci szlak\u00f3w <br>letnich i zimowych  pt.:  &#8222;Koma\u0144cza <br>otwarta przez ca\u0142y rok&#8221;<\/td><td>18 410<\/td><td>Wojew\u00f3dztwo <br>Podkarpackie<\/td><\/tr><tr><td>Fundacja <br>&#8222;Chata Nad Wis\u0142okiem&#8221;<\/td><td>Spotkanie na szlaku kultury wo\u0142oskiej<\/td><td>12 000<\/td><td>Wojew\u00f3dztwo <br>Podkarpackie<\/td><\/tr><tr><td>Stowarzyszenie                                                                                             <br>Wspierania Inicjatyw <br>Lokalnych Koma\u0144czy<\/td><td>Wilczy apetyt na kulturk\u0119<\/td><td>95 322<\/td><td>FIO<\/td><\/tr><tr><td>Parafia <br>Prawos\u0142awna Pod <br>Wezwaniem <br>Opieki Matki Bo\u017cej<\/td><td>Karpackie WYSZYWANKY<\/td><td>4 950<\/td><td>Podkarpackie <br>Inicjatywy <br>Lokalne<\/td><\/tr><tr><td>Stowarzyszenie 50+ <br>w Koma\u0144czy<\/td><td>Babcie, wnuczki, mamy&#8230;<br>razem tkamy i wyplatamy<\/td><td>6 000<\/td><td>Wojew\u00f3dztwo <br>Podkarpackie<\/td><\/tr><tr><td>Stowarzyszenie na <br>Rzecz Rozwoju <br>\u0141upkowa i Okolic <\/td><td>Harasymiada &#8211; na \u015bcie\u017ckach krainy <br>\u0142agodno\u015bci.<\/td><td>8 500<\/td><td>Wojew\u00f3dztwo <br>Podkarpackie<\/td><\/tr><tr><td><\/td><td>\u0141\u0105cznie:<\/td><td>169 832<\/td><td><\/td><\/tr><\/tbody><\/table>\n\n\n\n<p>Wci\u0105\u017c czekamy na ocen\u0119 kilku wa\u017cnych wniosk\u00f3w projektowych&#8230; o  wynikach b\u0119dziemy informowa\u0107.<\/p>\n","protected":false},"excerpt":{"rendered":"<p>Ma\u0142ymi krokami, zmierzamy do celu Fundacji. Pozyskujemy wsp\u00f3lnie du\u017ce i ma\u0142e granty. Dzia\u0142amy na rzecz naszej Gminy. Ka\u017cdy z projekt\u00f3w przybli\u017ca nas do spe\u0142nienia naszych plan\u00f3w. Organizacja Tytu\u0142 projektu Dotacja (z\u0142) \u0179r\u00f3d\u0142o Stowarzyszenie Wspierania Inicjatyw Lokalnych Koma\u0144czy Wo\u0142oska Koliba &#8211; folkowe spotkania na pasterskim szlaku. 24 650 Wojew\u00f3dztwo Podkarpackie StowarzyszenieSportowoRekreacyjne &#8222;\u017bbik-Koma\u0144cza&#8221; Modernizacja istniej\u0105cej sieci szlak\u00f3w &hellip; <\/p>\n<p class=\"link-more\"><a href=\"https:\/\/fundacja.komancza.org.pl\/?page_id=248\" class=\"more-link\">Czytaj dalej<span class=\"screen-reader-text\"> \u201ePrzed nami\u201d<\/span><\/a><\/p>\n","protected":false},"author":1,"featured_media":0,"parent":0,"menu_order":0,"comment_status":"closed","ping_status":"closed","template":"","meta":{"jetpack_post_was_ever_published":false,"footnotes":""},"class_list":["post-248","page","type-page","status-publish","hentry"],"jetpack_sharing_enabled":true,"jetpack_shortlink":"https:\/\/wp.me\/PaOlUW-40","jetpack-related-posts":[],"_links":{"self":[{"href":"https:\/\/fundacja.komancza.org.pl\/index.php?rest_route=\/wp\/v2\/pages\/248","targetHints":{"allow":["GET"]}}],"collection":[{"href":"https:\/\/fundacja.komancza.org.pl\/index.php?rest_route=\/wp\/v2\/pages"}],"about":[{"href":"https:\/\/fundacja.komancza.org.pl\/index.php?rest_route=\/wp\/v2\/types\/page"}],"author":[{"embeddable":true,"href":"https:\/\/fundacja.komancza.org.pl\/index.php?rest_route=\/wp\/v2\/users\/1"}],"replies":[{"embeddable":true,"href":"https:\/\/fundacja.komancza.org.pl\/index.php?rest_route=%2Fwp%2Fv2%2Fcomments&post=248"}],"version-history":[{"count":31,"href":"https:\/\/fundacja.komancza.org.pl\/index.php?rest_route=\/wp\/v2\/pages\/248\/revisions"}],"predecessor-version":[{"id":385,"href":"https:\/\/fundacja.komancza.org.pl\/index.php?rest_route=\/wp\/v2\/pages\/248\/revisions\/385"}],"wp:attachment":[{"href":"https:\/\/fundacja.komancza.org.pl\/index.php?rest_route=%2Fwp%2Fv2%2Fmedia&parent=248"}],"curies":[{"name":"wp","href":"https:\/\/api.w.org\/{rel}","templated":true}]}}