{"id":386,"date":"2019-05-05T19:17:34","date_gmt":"2019-05-05T19:17:34","guid":{"rendered":"http:\/\/fundacja.komancza.org.pl\/?page_id=386"},"modified":"2019-12-03T18:52:54","modified_gmt":"2019-12-03T18:52:54","slug":"za-nami","status":"publish","type":"page","link":"https:\/\/fundacja.komancza.org.pl\/?page_id=386","title":{"rendered":"Za nami"},"content":{"rendered":"\n<p><strong><a rel=\"noreferrer noopener\" aria-label=\"Koma\u0144cza otwarta przez ca\u0142y rok (otwiera si\u0119 na nowej zak\u0142adce)\" href=\"https:\/\/fundacja.komancza.org.pl\/?page_id=478\" target=\"_blank\">Koma\u0144cza otwarta przez ca\u0142y rok<\/a><\/strong> &#8211; projekt zrealizowano dzi\u0119ki wsp\u00f3\u0142finansowaniu z bud\u017cetu Wojew\u00f3dztwa Podkarpackiego w ramach otwartego konkursu ofert z turystyki w 2019 roku. W ramach dzia\u0142a\u0144 projektowych zmodernizowano przebieg szlaku, kt\u00f3ry od dzi\u015b oznakowany jest wy\u0142\u0105cznie po drodze le\u015bnej szutrowej biegn\u0105cej wzd\u0142u\u017c torowiska bieszczadzkiej kolejki le\u015bnej na odcinku Rzeped\u017a-Duszatyn-Smolnik-Zube\u0144sko i \u0142\u0105czy szlak czerwony z niebieskim. Wzd\u0142u\u017c szlaku rozmieszczono pi\u0119\u0107 tablic informacyjnych cz\u0119\u015bciowo zast\u0119puj\u0105c stare wymagaj\u0105ce wymiany oraz ustawiono pi\u0119\u0107 s\u0142upk\u00f3w informacyjnych. Szczeg\u00f3\u0142\u00f3w mo\u017cna si\u0119 dowiedzie\u0107 z ulotki o szlaku, dost\u0119pnych w punktach informacyjnych, Gminnym O\u015brodku Kultury i wybranych sklepach oraz gospodarstwach agroturystycznych w gminie Koma\u0144cza . <\/p>\n\n\n\n<p><\/p>\n\n\n\n<p><\/p>\n\n\n\n<p><strong>Piknik Na Torach<\/strong> &#8211; impreza promuj\u0105ca idee reaktywacji kolejki w\u0105skotorowej, utworzenia szlak\u00f3w drezynowych oraz oznakowania szlak\u00f3w rowerowych i pieszych w Gminie Koma\u0144cza. <\/p>\n\n\n\n<p>\u015arodki na realizacj\u0119 projektu zabezpieczy\u0142y lokalne organizacje pozarz\u0105dowe i prywatne osoby. Dzia\u0142ania czynnie wspiera\u0142 Gminny O\u015brodek Kultury w Koma\u0144czy.<\/p>\n\n\n\n<p><strong>Podsumowanie projektu wg wydatk\u00f3w:<\/strong><\/p>\n\n\n\n<figure class=\"wp-block-table aligncenter is-style-stripes\"><table class=\"has-fixed-layout\"><tbody><tr><td><strong>Wydatkowano na:<\/strong><\/td><td><strong>Warto\u015b\u0107:<\/strong><\/td><\/tr><tr><td>Artyku\u0142y \u017cywno\u015bciowe<\/td><td>1 508,24 z\u0142<br><\/td><\/tr><tr><td>Reklama<\/td><td>125,00 z\u0142<br><\/td><\/tr><tr><td>Ubezpieczenie<\/td><td>213,74 z\u0142<\/td><\/tr><tr><td>Nagrody<\/td><td>6 162,00 z\u0142<\/td><\/tr><tr><td>Transport <\/td><td>634,00 z\u0142<\/td><\/tr><tr><td>Kuchnia Polowa<\/td><td>500,00 z\u0142<\/td><\/tr><tr><td>Energia elektryczna<\/td><td>600,00 z\u0142<\/td><\/tr><tr><td>Artyku\u0142y biurowe<\/td><td>100,00 z\u0142<\/td><\/tr><tr><td>Sanitariaty<\/td><td>200,00 z\u0142<\/td><\/tr><tr><td>Zabezpieczenie medyczne<\/td><td>450,00 zl<\/td><\/tr><tr><td>W sumie:<\/td><td>14 092,98z\u0142<\/td><\/tr><\/tbody><\/table><\/figure>\n\n\n\n<p><strong>Podsumowanie projektu wg \u015brodk\u00f3w:<\/strong><\/p>\n\n\n\n<figure class=\"wp-block-table\"><table class=\"\"><tbody><tr><td>Stowarzyszenie Wspierania Inicjatyw Lokalnych Koma\u0144czy<br><font size=\"1\">z tego na poczet realizacji zabezpieczono ze \u015brodk\u00f3w prywatnych<\/font><\/td><td>5 822,98 z\u0142<br><font size=\"1\">1 220,98 z\u0142<\/font><\/td><\/tr><tr><td>Darowizny<\/td><td>1 850,00 z\u0142<br><\/td><\/tr><tr><td>Gminny O\u015brodek Kultury<\/td><td>1 500,00 z\u0142<br><\/td><\/tr><tr><td>Sp\u00f3\u0142dzielnia Socjalna &#8222;Nad Wis\u0142okiem&#8221;<\/td><td>500,00 z\u0142<\/td><\/tr><tr><td>Stowarzyszenie 50+ w Koma\u0144czy<\/td><td>200,00 z\u0142<\/td><\/tr><tr><td>Stowarzyszenie Sportowo-rekreacyjne \u017bbik-Koma\u0144cza<\/td><td>200,00 z\u0142<\/td><\/tr><tr><td>KGW Czystgarb<\/td><td>429,00 z\u0142<\/td><\/tr><\/tbody><\/table><\/figure>\n\n\n\n<p><\/p>\n","protected":false},"excerpt":{"rendered":"<p>Koma\u0144cza otwarta przez ca\u0142y rok &#8211; projekt zrealizowano dzi\u0119ki wsp\u00f3\u0142finansowaniu z bud\u017cetu Wojew\u00f3dztwa Podkarpackiego w ramach otwartego konkursu ofert z turystyki w 2019 roku. W ramach dzia\u0142a\u0144 projektowych zmodernizowano przebieg szlaku, kt\u00f3ry od dzi\u015b oznakowany jest wy\u0142\u0105cznie po drodze le\u015bnej szutrowej biegn\u0105cej wzd\u0142u\u017c torowiska bieszczadzkiej kolejki le\u015bnej na odcinku Rzeped\u017a-Duszatyn-Smolnik-Zube\u0144sko i \u0142\u0105czy szlak czerwony z &hellip; <\/p>\n<p class=\"link-more\"><a href=\"https:\/\/fundacja.komancza.org.pl\/?page_id=386\" class=\"more-link\">Czytaj dalej<span class=\"screen-reader-text\"> \u201eZa nami\u201d<\/span><\/a><\/p>\n","protected":false},"author":1,"featured_media":0,"parent":0,"menu_order":0,"comment_status":"closed","ping_status":"closed","template":"","meta":{"jetpack_post_was_ever_published":false,"footnotes":""},"class_list":["post-386","page","type-page","status-publish","hentry"],"jetpack_sharing_enabled":true,"jetpack_shortlink":"https:\/\/wp.me\/PaOlUW-6e","jetpack-related-posts":[],"_links":{"self":[{"href":"https:\/\/fundacja.komancza.org.pl\/index.php?rest_route=\/wp\/v2\/pages\/386","targetHints":{"allow":["GET"]}}],"collection":[{"href":"https:\/\/fundacja.komancza.org.pl\/index.php?rest_route=\/wp\/v2\/pages"}],"about":[{"href":"https:\/\/fundacja.komancza.org.pl\/index.php?rest_route=\/wp\/v2\/types\/page"}],"author":[{"embeddable":true,"href":"https:\/\/fundacja.komancza.org.pl\/index.php?rest_route=\/wp\/v2\/users\/1"}],"replies":[{"embeddable":true,"href":"https:\/\/fundacja.komancza.org.pl\/index.php?rest_route=%2Fwp%2Fv2%2Fcomments&post=386"}],"version-history":[{"count":8,"href":"https:\/\/fundacja.komancza.org.pl\/index.php?rest_route=\/wp\/v2\/pages\/386\/revisions"}],"predecessor-version":[{"id":559,"href":"https:\/\/fundacja.komancza.org.pl\/index.php?rest_route=\/wp\/v2\/pages\/386\/revisions\/559"}],"wp:attachment":[{"href":"https:\/\/fundacja.komancza.org.pl\/index.php?rest_route=%2Fwp%2Fv2%2Fmedia&parent=386"}],"curies":[{"name":"wp","href":"https:\/\/api.w.org\/{rel}","templated":true}]}}